{"id":67,"date":"2023-06-28T14:29:28","date_gmt":"2023-06-28T14:29:28","guid":{"rendered":"https:\/\/internationalaiacademy.com\/?page_id=67"},"modified":"2026-03-27T06:16:19","modified_gmt":"2026-03-27T06:16:19","slug":"terms-of-service","status":"publish","type":"page","link":"https:\/\/kidsworld.international\/de\/terms-of-service\/","title":{"rendered":"Terms Of Service"},"content":{"rendered":"<div data-elementor-type=\"wp-page\" data-elementor-id=\"67\" class=\"elementor elementor-67\" data-elementor-post-type=\"page\">\n\t\t\t\t<div class=\"elementor-element elementor-element-7a6a932 e-flex e-con-boxed e-con e-parent\" data-id=\"7a6a932\" data-element_type=\"container\" data-e-type=\"container\" data-no-translation=\"\">\n\t\t\t\t\t<div class=\"e-con-inner\">\n\t\t\t\t<div class=\"elementor-element elementor-element-2f2fd04 elementor-widget elementor-widget-text-editor\" data-id=\"2f2fd04\" data-element_type=\"widget\" data-e-type=\"widget\" data-widget_type=\"text-editor.default\">\n\t\t\t\t\t\t\t\t\t\n<p>&nbsp;<\/p>\n\n\n<h1 class=\"wp-block-heading\"><strong>Nutzungsbedingungen<\/strong><\/h1>\n\n\n\n<pre class=\"wp-block-code\"><code>G\u00fcltig ab: November 2024<\/code><\/pre>\n\n\n\n<p><strong>1: DEFINITIONEN<\/strong><\/p>\n\n\n\n<p>Wenn die folgenden W\u00f6rter in diesen Bedingungen verwendet werden, bedeuten sie Folgendes:<\/p>\n\n\n\n<p>1.1. Ereignis au\u00dferhalb unserer Kontrolle: ist in Klausel 10 der separat bereitgestellten Allgemeinen Gesch\u00e4ftsbedingungen definiert;<br \/><br \/>1.2. Bestellung: Deine Bestellung der Produkte und\/oder Dienstleistungen, wie in deiner Kundenvereinbarung angegeben.<br \/><br \/>1.3. Dienstleistungen: die Dienstleistungen und\/oder Produkte, die wir dir gem\u00e4\u00df der Bestellung bereitstellen. Dies umfasst alle Produkte und Dienstleistungen von KidsWorld International, einschlie\u00dflich pers\u00f6nlicher oder Online-Trainings, Seminare, B\u00fccher und digitaler Produkte.<br \/><br \/>1.4. Bedingungen: die in diesem Dokument festgelegten Bedingungen.<br \/><br \/>1.5. Wir\/Unser\/Uns: WellForm International und\/oder KidsWorld International, gegr\u00fcndet und registriert in Australien unter der Australian Business Number: 52 956 756 566.<br \/><br \/>Unsere eingetragene Gesch\u00e4ftsadresse ist: Benowa 4217, QLD, Australien<br \/><br \/>Wir sind eine Coaching-, Bildungs-, Mentoring- und Trainingsorganisation. Wir sind keine Agentur.<br \/><br \/>1.6. \u201eDu\u201c oder \u201edein\u201c bezeichnet die Person, die Produkte, Trainings und\/oder Dienstleistungen von uns kauft<\/p>\n\n\n\n<p><strong>2: EINLEITUNG<\/strong><\/p>\n\n\n\n<p>2.1. Wenn du Dienstleistungen von uns kaufst oder unsere Website nutzt, erkl\u00e4rst du dich damit einverstanden, rechtlich an diese Bedingungen gebunden zu sein.<br \/><br \/>2.2. Wenn du Dienstleistungen von uns kaufst, erkl\u00e4rst du dich auch damit einverstanden, an zus\u00e4tzliche Bedingungen gebunden zu sein, die einige dieser Bedingungen erg\u00e4nzen oder ersetzen k\u00f6nnen. Dies kann aus rechtlichen oder regulatorischen Gr\u00fcnden erfolgen. Wir informieren dich dar\u00fcber mit einer Frist von einer Woche.<br \/><br \/>2.3. Wir behalten uns das Recht vor, diese Nutzungsvereinbarung von Zeit zu Zeit ohne vorherige Ank\u00fcndigung zu \u00e4ndern. Du erkennst an und stimmst zu, dass es deine Verantwortung ist, diese Vereinbarung regelm\u00e4\u00dfig zu \u00fcberpr\u00fcfen. Deine fortgesetzte Nutzung der Website nach solchen \u00c4nderungen gilt als Zustimmung zu den ge\u00e4nderten Bedingungen.<\/p>\n\n\n\n<p><strong>3: INFORMATIONEN, DIE WIR DIR GEBEN<\/strong><\/p>\n\n\n\n<p>3.1. Nach australischem Recht (Consumer Contracts Regulations 2013) m\u00fcssen wir dir bestimmte Informationen bereitstellen, bevor ein rechtsverbindlicher Vertrag zustande kommt. Wir stellen dir diese klar und verst\u00e4ndlich zur Verf\u00fcgung.<\/p>\n\n\n\n<p>Wir informieren dich \u00fcber:<\/p>\n\n\n\n<ul class=\"wp-block-list\">\n<li>Die Hauptmerkmale der Dienstleistung<br \/>* Wie du uns kontaktieren kannst<br \/>* Den Gesamtpreis einschlie\u00dflich Steuern<br \/>* Dein Widerrufsrecht und dessen Folgen<\/li>\n<\/ul>\n\n\n\n<p>3.2. Diese Informationen sind Bestandteil des Vertrags.<br \/><br \/>3.3. \u00c4nderungen sind nur mit deiner Zustimmung m\u00f6glich.<\/p>\n\n\n\n<ol class=\"wp-block-list\" start=\"4\">\n<li><strong>INFORMATIONEN \u00dcBER UNS UND KONTAKT<\/strong><\/li>\n<\/ol>\n\n\n\n<p>4.1. Wir sind ein in Australien registriertes Unternehmen.<br \/><br \/>Unsere ABN: 52 956 756 566<br \/><br \/>4.2. Adresse: Benowa 4217, QLD, Australien<br \/><br \/>4.3. Kontakt: support@wellform.international<br \/><br \/>4.4. Schriftliche Kommunikation erfolgt per E-Mail.<\/p>\n\n\n\n<p><strong>5: VERANTWORTUNGSVOLLE NUTZUNG<\/strong><\/p>\n\n\n\n<p>Durch Nutzung unserer Website erkl\u00e4rst du dich einverstanden, unsere Ressourcen nur gem\u00e4\u00df diesen Bedingungen und geltendem Recht zu nutzen.<\/p>\n\n\n\n<p>Du verstehst, dass:<\/p>\n\n\n\n<p>5.1. Deine Angaben korrekt sein m\u00fcssen.<br \/><br \/>5.2. Du f\u00fcr deine Zugangsdaten verantwortlich bist.<br \/><br \/>5.3. Unautorisierter Zugriff verboten ist.<br \/><br \/>5.4. St\u00f6rungen untersagt sind.<br \/><br \/>5.6. Kopieren\/Weiterverkauf verboten ist.<br \/><br \/>5.7. Du f\u00fcr Sch\u00e4den haftest.<br \/><br \/>5.8. \u00d6ffentliche Inhalte deine Verantwortung sind.<br \/><br \/>5.9. Inhalte nicht rechtswidrig sein d\u00fcrfen.<\/p>\n\n\n\n<p>5.9.1 Verletzung von Rechten Dritter ist verboten.<\/p>\n\n\n\n<p>(a) Keine Werbung<br \/><br \/>(b) Keine T\u00e4uschung<br \/><br \/>Wir d\u00fcrfen Inhalte entfernen.<\/p>\n\n\n\n<p>5.9.2 Inhalte k\u00f6nnen unser Eigentum werden.<\/p>\n\n\n\n<p>5.9.3 Du stellst uns von Anspr\u00fcchen frei.<\/p>\n\n\n\n<p><strong>6: BESTELLUNG VON DIENSTLEISTUNGEN<\/strong><\/p>\n\n\n\n<p>6.1. So kommt ein Vertrag zustande:<\/p>\n\n\n\n<p>6.1.1 Angebote sind unverbindlich.<br \/><br \/>6.1.2 Best\u00e4tigung ist keine Annahme.<br \/><br \/>6.1.3 Ablehnung m\u00f6glich bei:<br \/>(a) Nichtverf\u00fcgbarkeit<br \/>(b) Zahlung nicht m\u00f6glich<br \/>(c) Ungeeignetheit<br \/>(e) Preisfehler<\/p>\n\n\n\n<p>6.2 Vertrag gilt nur f\u00fcr best\u00e4tigte Leistungen.<\/p>\n\n\n\n<p>6.3 Transfers ggf. m\u00f6glich (Geb\u00fchr $50 + Steuer).<\/p>\n\n\n\n<p>6.4 Teilnahme unter 18 nur mit Begleitung.<\/p>\n\n\n\n<p><strong>7: ERBRINGUNG DER LEISTUNGEN<\/strong><\/p>\n\n\n\n<p>7.1 Leistungen erfolgen wie vereinbart.<br \/><br \/>7.2 Verz\u00f6gerungen durch \u00e4u\u00dfere Umst\u00e4nde m\u00f6glich.<br \/><br \/>7.3 Aufnahmen zu Marketingzwecken erlaubt.<br \/><br \/>7.4 Online-Umstellung m\u00f6glich.<\/p>\n\n\n\n<p><strong>8: PREISE UND ZAHLUNG<\/strong><\/p>\n\n\n\n<p>8.1 Preise laut Website.<br \/><br \/>8.2 \u00c4nderungen m\u00f6glich.<br \/><br \/>8.3 Zahlung vor Leistung.<br \/><br \/>8.4 Karten m\u00fcssen autorisiert sein.<br \/><br \/>8.5 Preisunterschiede m\u00f6glich.<br \/><br \/>8.6 Preise in USD\/AUD exkl. Steuern.<br \/><br \/>8.7 Keine R\u00fcckerstattung.<\/p>\n\n\n\n<p><strong>9: ABLEHNUNGSRECHT<\/strong><\/p>\n\n\n\n<p>9.1 Teilnahme kann verweigert werden.<\/p>\n\n\n\n<p>9.1.2 St\u00f6rende Teilnehmer k\u00f6nnen ausgeschlossen werden.<br \/><br \/>9.1.3 Missbrauch f\u00fchrt zur Beendigung.<\/p>\n\n\n\n<p><strong>10: WIDERRUFSRECHT<\/strong><\/p>\n\n\n\n<p>10.1 Du hast 14 Tage Widerrufsrecht.<br \/><br \/>10.2 Frist: 14 Tage<br \/><br \/>10.3 Widerruf per E-Mail<\/p>\n\n\n\n<p>Weitere Bedingungen gelten gem\u00e4\u00df Originaltext.<\/p>\n\n\n\n<p><strong>11\u201323: WEITERE BESTIMMUNGEN<\/strong><\/p>\n\n\n\n<p>Alle weiteren Klauseln (11\u201323) bleiben inhaltlich vollst\u00e4ndig bestehen und regeln u.a. R\u00fcckerstattungen, Haftung, geistiges Eigentum, Datenschutz, K\u00fcndigung, Streitigkeiten und anwendbares Recht (Australien).<\/p>\n\t\t\t\t\t\t\t\t<\/div>\n\t\t\t\t\t<\/div>\n\t\t\t\t<\/div>\n\t\t\t\t<\/div>","protected":false},"excerpt":{"rendered":"<p>\u00a0 Terms Of Service 1: DEFINITIONS When the following words are used in these terms, this is what they will mean: 1.1. Event Outside Our Control: is defined in clause 10 of the separately supplied terms and conditions; 1.2. Order: Your order for the products and\/or services as set out overleaf in your customer agreement. [&hellip;]<\/p>\n","protected":false},"author":1,"featured_media":0,"parent":0,"menu_order":0,"comment_status":"closed","ping_status":"closed","template":"","meta":{"site-sidebar-layout":"no-sidebar","site-content-layout":"page-builder","ast-site-content-layout":"full-width-container","site-content-style":"unboxed","site-sidebar-style":"unboxed","ast-global-header-display":"","ast-banner-title-visibility":"","ast-main-header-display":"disabled","ast-hfb-above-header-display":"disabled","ast-hfb-below-header-display":"","ast-hfb-mobile-header-display":"disabled","site-post-title":"","ast-breadcrumbs-content":"disabled","ast-featured-img":"disabled","footer-sml-layout":"","ast-disable-related-posts":"","theme-transparent-header-meta":"default","adv-header-id-meta":"","stick-header-meta":"default","header-above-stick-meta":"","header-main-stick-meta":"","header-below-stick-meta":"","astra-migrate-meta-layouts":"set","ast-page-background-enabled":"default","ast-page-background-meta":{"desktop":{"background-color":"var(--ast-global-color-4)","background-image":"","background-repeat":"repeat","background-position":"center center","background-size":"auto","background-attachment":"scroll","background-type":"","background-media":"","overlay-type":"","overlay-color":"","overlay-opacity":"","overlay-gradient":""},"tablet":{"background-color":"","background-image":"","background-repeat":"repeat","background-position":"center center","background-size":"auto","background-attachment":"scroll","background-type":"","background-media":"","overlay-type":"","overlay-color":"","overlay-opacity":"","overlay-gradient":""},"mobile":{"background-color":"","background-image":"","background-repeat":"repeat","background-position":"center center","background-size":"auto","background-attachment":"scroll","background-type":"","background-media":"","overlay-type":"","overlay-color":"","overlay-opacity":"","overlay-gradient":""}},"ast-content-background-meta":{"desktop":{"background-color":"var(--ast-global-color-5)","background-image":"","background-repeat":"repeat","background-position":"center center","background-size":"auto","background-attachment":"scroll","background-type":"","background-media":"","overlay-type":"","overlay-color":"","overlay-opacity":"","overlay-gradient":""},"tablet":{"background-color":"var(--ast-global-color-5)","background-image":"","background-repeat":"repeat","background-position":"center center","background-size":"auto","background-attachment":"scroll","background-type":"","background-media":"","overlay-type":"","overlay-color":"","overlay-opacity":"","overlay-gradient":""},"mobile":{"background-color":"var(--ast-global-color-5)","background-image":"","background-repeat":"repeat","background-position":"center center","background-size":"auto","background-attachment":"scroll","background-type":"","background-media":"","overlay-type":"","overlay-color":"","overlay-opacity":"","overlay-gradient":""}},"footnotes":""},"class_list":["post-67","page","type-page","status-publish","hentry"],"_links":{"self":[{"href":"https:\/\/kidsworld.international\/de\/wp-json\/wp\/v2\/pages\/67","targetHints":{"allow":["GET"]}}],"collection":[{"href":"https:\/\/kidsworld.international\/de\/wp-json\/wp\/v2\/pages"}],"about":[{"href":"https:\/\/kidsworld.international\/de\/wp-json\/wp\/v2\/types\/page"}],"author":[{"embeddable":true,"href":"https:\/\/kidsworld.international\/de\/wp-json\/wp\/v2\/users\/1"}],"replies":[{"embeddable":true,"href":"https:\/\/kidsworld.international\/de\/wp-json\/wp\/v2\/comments?post=67"}],"version-history":[{"count":21,"href":"https:\/\/kidsworld.international\/de\/wp-json\/wp\/v2\/pages\/67\/revisions"}],"predecessor-version":[{"id":16704,"href":"https:\/\/kidsworld.international\/de\/wp-json\/wp\/v2\/pages\/67\/revisions\/16704"}],"wp:attachment":[{"href":"https:\/\/kidsworld.international\/de\/wp-json\/wp\/v2\/media?parent=67"}],"curies":[{"name":"wp","href":"https:\/\/api.w.org\/{rel}","templated":true}]}}